{"id":4346,"date":"2025-09-13T12:14:03","date_gmt":"2025-09-13T11:14:03","guid":{"rendered":"https:\/\/truckpartscm.com\/?post_type=product&#038;p=4346"},"modified":"2025-09-13T12:15:01","modified_gmt":"2025-09-13T11:15:01","slug":"filtre-a-air-mp4-a0040949104","status":"publish","type":"product","link":"https:\/\/truckpartscm.com\/en\/product\/air-filter-mp4-a0040949104\/","title":{"rendered":"mp4 air filter A0040949104"},"content":{"rendered":"<p>Air filter element for Actros and Arocs trucks and buses mp4.best quality and brand Mercedes-benz<\/p>","protected":false},"excerpt":{"rendered":"<p>Essential filtration element for Arocs and Actros mp4 trucks<\/p>","protected":false},"featured_media":0,"comment_status":"open","ping_status":"closed","template":"","meta":[],"product_brand":[186],"product_cat":[155],"product_tag":[],"class_list":{"0":"post-4346","1":"product","2":"type-product","3":"status-publish","5":"product_brand-mercedes-benz","6":"product_cat-filtration","8":"first","9":"instock","10":"shipping-taxable","11":"purchasable","12":"product-type-simple"},"yoast_head":"<!-- This site is optimized with the Yoast SEO Premium plugin v25.7.1 (Yoast SEO v25.7) - https:\/\/yoast.com\/wordpress\/plugins\/seo\/ -->\n<title>Filtre \u00e0 air mp4 A0040949104 - Truck care and parts<\/title>\n<meta name=\"robots\" content=\"index, follow, max-snippet:-1, max-image-preview:large, max-video-preview:-1\" \/>\n<link rel=\"canonical\" href=\"https:\/\/truckpartscm.com\/en\/product\/air-filter-mp4-a0040949104\/\" \/>\n<meta property=\"og:locale\" content=\"en_GB\" \/>\n<meta property=\"og:type\" content=\"article\" \/>\n<meta property=\"og:title\" content=\"Filtre \u00e0 air mp4 A0040949104\" \/>\n<meta property=\"og:description\" content=\"\u00c9l\u00e9ment de filtration essentiel pour les camions Arocs et Actros mp4\" \/>\n<meta property=\"og:url\" content=\"https:\/\/truckpartscm.com\/en\/product\/air-filter-mp4-a0040949104\/\" \/>\n<meta property=\"og:site_name\" content=\"Truck care and parts\" \/>\n<meta property=\"article:modified_time\" content=\"2025-09-13T11:15:01+00:00\" \/>\n<meta name=\"twitter:card\" content=\"summary_large_image\" \/>\n<meta name=\"twitter:label1\" content=\"Price\" \/>\n\t<meta name=\"twitter:data1\" content=\"95 000&nbsp;CFA\" \/>\n\t<meta name=\"twitter:label2\" content=\"Availability\" \/>\n\t<meta name=\"twitter:data2\" content=\"In stock\" \/>\n<script type=\"application\/ld+json\" class=\"yoast-schema-graph\">{\"@context\":\"https:\/\/schema.org\",\"@graph\":[{\"@type\":\"WebPage\",\"@id\":\"https:\/\/truckpartscm.com\/en\/product\/air-filter-mp4-a0040949104\/\",\"url\":\"https:\/\/truckpartscm.com\/en\/product\/air-filter-mp4-a0040949104\/\",\"name\":\"Filtre \u00e0 air mp4 A0040949104 - Truck care and parts\",\"isPartOf\":{\"@id\":\"https:\/\/truckpartscm.com\/en\/#website\"},\"datePublished\":\"2025-09-13T11:14:03+00:00\",\"dateModified\":\"2025-09-13T11:15:01+00:00\",\"breadcrumb\":{\"@id\":\"https:\/\/truckpartscm.com\/en\/product\/air-filter-mp4-a0040949104\/#breadcrumb\"},\"inLanguage\":\"en-GB\",\"potentialAction\":[{\"@type\":\"ReadAction\",\"target\":[\"https:\/\/truckpartscm.com\/en\/product\/air-filter-mp4-a0040949104\/\"]}]},{\"@type\":\"BreadcrumbList\",\"@id\":\"https:\/\/truckpartscm.com\/en\/product\/air-filter-mp4-a0040949104\/#breadcrumb\",\"itemListElement\":[{\"@type\":\"ListItem\",\"position\":1,\"name\":\"Home\",\"item\":\"https:\/\/truckpartscm.com\/en\/\"},{\"@type\":\"ListItem\",\"position\":2,\"name\":\"Boutique\",\"item\":\"https:\/\/truckpartscm.com\/en\/shop\/\"},{\"@type\":\"ListItem\",\"position\":3,\"name\":\"Filtre \u00e0 air mp4 A0040949104\"}]},{\"@type\":\"WebSite\",\"@id\":\"https:\/\/truckpartscm.com\/en\/#website\",\"url\":\"https:\/\/truckpartscm.com\/en\/\",\"name\":\"Truck care and parts\",\"description\":\"Site internet de vende pieces de camions et offre de services de reparation de camions au cameroun\",\"potentialAction\":[{\"@type\":\"SearchAction\",\"target\":{\"@type\":\"EntryPoint\",\"urlTemplate\":\"https:\/\/truckpartscm.com\/en\/?s={search_term_string}\"},\"query-input\":{\"@type\":\"PropertyValueSpecification\",\"valueRequired\":true,\"valueName\":\"search_term_string\"}}],\"inLanguage\":\"en-GB\"}]}<\/script>\n<meta property=\"product:price:amount\" content=\"95000\" \/>\n<meta property=\"product:price:currency\" content=\"XAF\" \/>\n<meta property=\"og:availability\" content=\"instock\" \/>\n<meta property=\"product:availability\" content=\"instock\" \/>\n<meta property=\"product:condition\" content=\"new\" \/>\n<!-- \/ Yoast SEO Premium plugin. -->","yoast_head_json":{"title":"Filtre \u00e0 air mp4 A0040949104 - Truck care and parts","robots":{"index":"index","follow":"follow","max-snippet":"max-snippet:-1","max-image-preview":"max-image-preview:large","max-video-preview":"max-video-preview:-1"},"canonical":"https:\/\/truckpartscm.com\/en\/product\/air-filter-mp4-a0040949104\/","og_locale":"en_GB","og_type":"article","og_title":"Filtre \u00e0 air mp4 A0040949104","og_description":"\u00c9l\u00e9ment de filtration essentiel pour les camions Arocs et Actros mp4","og_url":"https:\/\/truckpartscm.com\/en\/product\/air-filter-mp4-a0040949104\/","og_site_name":"Truck care and parts","article_modified_time":"2025-09-13T11:15:01+00:00","twitter_card":"summary_large_image","twitter_misc":{"Price":"95 000&nbsp;CFA","Availability":"In stock"},"schema":{"@context":"https:\/\/schema.org","@graph":[{"@type":"WebPage","@id":"https:\/\/truckpartscm.com\/en\/product\/air-filter-mp4-a0040949104\/","url":"https:\/\/truckpartscm.com\/en\/product\/air-filter-mp4-a0040949104\/","name":"Filtre \u00e0 air mp4 A0040949104 - Truck care and parts","isPartOf":{"@id":"https:\/\/truckpartscm.com\/en\/#website"},"datePublished":"2025-09-13T11:14:03+00:00","dateModified":"2025-09-13T11:15:01+00:00","breadcrumb":{"@id":"https:\/\/truckpartscm.com\/en\/product\/air-filter-mp4-a0040949104\/#breadcrumb"},"inLanguage":"en-GB","potentialAction":[{"@type":"ReadAction","target":["https:\/\/truckpartscm.com\/en\/product\/air-filter-mp4-a0040949104\/"]}]},{"@type":"BreadcrumbList","@id":"https:\/\/truckpartscm.com\/en\/product\/air-filter-mp4-a0040949104\/#breadcrumb","itemListElement":[{"@type":"ListItem","position":1,"name":"Home","item":"https:\/\/truckpartscm.com\/en\/"},{"@type":"ListItem","position":2,"name":"Boutique","item":"https:\/\/truckpartscm.com\/en\/shop\/"},{"@type":"ListItem","position":3,"name":"Filtre \u00e0 air mp4 A0040949104"}]},{"@type":"WebSite","@id":"https:\/\/truckpartscm.com\/en\/#website","url":"https:\/\/truckpartscm.com\/en\/","name":"Truck care and parts","description":"Site internet de vende pieces de camions et offre de services de reparation de camions au cameroun","potentialAction":[{"@type":"SearchAction","target":{"@type":"EntryPoint","urlTemplate":"https:\/\/truckpartscm.com\/en\/?s={search_term_string}"},"query-input":{"@type":"PropertyValueSpecification","valueRequired":true,"valueName":"search_term_string"}}],"inLanguage":"en-GB"}]},"product_price_amount":"95000","product_price_currency":"XAF","og_availability":"instock","product_availability":"instock","product_condition":"new"},"_links":{"self":[{"href":"https:\/\/truckpartscm.com\/en\/wp-json\/wp\/v2\/product\/4346","targetHints":{"allow":["GET"]}}],"collection":[{"href":"https:\/\/truckpartscm.com\/en\/wp-json\/wp\/v2\/product"}],"about":[{"href":"https:\/\/truckpartscm.com\/en\/wp-json\/wp\/v2\/types\/product"}],"replies":[{"embeddable":true,"href":"https:\/\/truckpartscm.com\/en\/wp-json\/wp\/v2\/comments?post=4346"}],"wp:attachment":[{"href":"https:\/\/truckpartscm.com\/en\/wp-json\/wp\/v2\/media?parent=4346"}],"wp:term":[{"taxonomy":"product_brand","embeddable":true,"href":"https:\/\/truckpartscm.com\/en\/wp-json\/wp\/v2\/product_brand?post=4346"},{"taxonomy":"product_cat","embeddable":true,"href":"https:\/\/truckpartscm.com\/en\/wp-json\/wp\/v2\/product_cat?post=4346"},{"taxonomy":"product_tag","embeddable":true,"href":"https:\/\/truckpartscm.com\/en\/wp-json\/wp\/v2\/product_tag?post=4346"}],"curies":[{"name":"wp","href":"https:\/\/api.w.org\/{rel}","templated":true}]}}