{"id":4300,"date":"2025-08-18T10:25:30","date_gmt":"2025-08-18T09:25:30","guid":{"rendered":"https:\/\/truckpartscm.com\/?post_type=product&#038;p=4300"},"modified":"2025-09-13T12:36:16","modified_gmt":"2025-09-13T11:36:16","slug":"pompe-enfichable-pld-mercedes-benz-a0290742502","status":"publish","type":"product","link":"https:\/\/truckpartscm.com\/en\/product\/mercedes-benz-pld-plug-in-pump-a0290742502\/","title":{"rendered":"Mercedes-Benz PLD plug-in pump A0290742502"},"content":{"rendered":"<p>This PLD plug-in pump is a crucial component of your diesel engine's fuel injection system. As a genuine Mercedes-Benz part, it is manufactured to the highest standards by Bosch, the world specialist in fuel injection systems. The reference <b>A 029 074 25 02<\/b> guarantees perfect compatibility and optimum performance with the engines for which it has been designed.<\/p>\n<p>The PLD (Pump-Line-Injector) system combines the injection pump and injector into a single unit, electronically managed for precise fuel injection, improving power, fuel efficiency and reducing emissions. Replacement with an original part is essential to maintain the integrity and reliability of your engine.<\/p>\n<ul>\n<li style=\"list-style-type: none;\">\n<ul>\n<li><b>For local targeting (Cameroon\/Douala) :<\/b> <b>Add this text to the description:<\/b> \"This plug-in pump is available from stock in Douala, Cameroon. Contact us for delivery and shipping to all parts of the country.\"<\/li>\n<\/ul>\n<\/li>\n<\/ul>\n<h4><b>Technical specifications<\/b><\/h4>\n<ul>\n<li><b>Brand :<\/b> Mercedes-Benz Original-Teile (made by Bosch)<\/li>\n<li><b>Manufacturer reference (OEM) :<\/b> A 029 074 25 02<\/li>\n<li><b>Type of product :<\/b> Plug-in pump (injector-pump)<\/li>\n<li><b>System :<\/b> PLD (Pump-Line-Injector)<\/li>\n<li><b>Origin :<\/b> Made in Brazil<\/li>\n<li><b>Compatible vehicles :<\/b> Mainly Mercedes-Benz trucks and buses with PLD engines.<\/li>\n<\/ul>\n<p>This plug-in pump is available from stock in Douala, Cameroon. Contact us for delivery and shipment to all parts of the country.<\/p>","protected":false},"excerpt":{"rendered":"<p>Genuine Mercedes-Benz plug-in pump (injector-pump), designed for PLD diesel injection systems. Manufactured by Bosch for Mercedes-Benz.<\/p>","protected":false},"featured_media":4301,"comment_status":"open","ping_status":"closed","template":"","meta":[],"product_brand":[186],"product_cat":[157],"product_tag":[],"class_list":{"0":"post-4300","1":"product","2":"type-product","3":"status-publish","4":"has-post-thumbnail","6":"product_brand-mercedes-benz","7":"product_cat-electricite","9":"first","10":"instock","11":"shipping-taxable","12":"purchasable","13":"product-type-simple"},"yoast_head":"<!-- This site is optimized with the Yoast SEO Premium plugin v25.7.1 (Yoast SEO v25.7) - https:\/\/yoast.com\/wordpress\/plugins\/seo\/ -->\n<title>Pompe PLD A0290742502 - Pi\u00e8ce d&#039;origine Douala<\/title>\n<meta name=\"description\" content=\"Achetez la pompe enfichable PLD d&#039;origine Mercedes-Benz A0290742502. Pi\u00e8ce pour syst\u00e8me d&#039;injection diesel disponible \u00e0 Douala, Cameroun.\" \/>\n<meta name=\"robots\" content=\"index, follow, max-snippet:-1, max-image-preview:large, max-video-preview:-1\" \/>\n<link rel=\"canonical\" href=\"https:\/\/truckpartscm.com\/en\/product\/mercedes-benz-pld-plug-in-pump-a0290742502\/\" \/>\n<meta property=\"og:locale\" content=\"en_GB\" \/>\n<meta property=\"og:type\" content=\"article\" \/>\n<meta property=\"og:title\" content=\"Pompe enfichable PLD Mercedes-Benz A0290742502\" \/>\n<meta property=\"og:description\" content=\"Achetez la pompe enfichable PLD d&#039;origine Mercedes-Benz A0290742502. Pi\u00e8ce pour syst\u00e8me d&#039;injection diesel disponible \u00e0 Douala, Cameroun.\" \/>\n<meta property=\"og:url\" content=\"https:\/\/truckpartscm.com\/en\/product\/mercedes-benz-pld-plug-in-pump-a0290742502\/\" \/>\n<meta property=\"og:site_name\" content=\"Truck care and parts\" \/>\n<meta property=\"article:modified_time\" content=\"2025-09-13T11:36:16+00:00\" \/>\n<meta property=\"og:image\" content=\"https:\/\/truckpartscm.com\/wp-content\/uploads\/34108.webp\" \/>\n\t<meta property=\"og:image:width\" content=\"540\" \/>\n\t<meta property=\"og:image:height\" content=\"540\" \/>\n\t<meta property=\"og:image:type\" content=\"image\/webp\" \/>\n<meta name=\"twitter:card\" content=\"summary_large_image\" \/>\n<meta name=\"twitter:label1\" content=\"Price\" \/>\n\t<meta name=\"twitter:data1\" content=\"250 000&nbsp;CFA\" \/>\n\t<meta name=\"twitter:label2\" content=\"Availability\" \/>\n\t<meta name=\"twitter:data2\" content=\"In stock\" \/>\n<script type=\"application\/ld+json\" class=\"yoast-schema-graph\">{\"@context\":\"https:\/\/schema.org\",\"@graph\":[{\"@type\":\"WebPage\",\"@id\":\"https:\/\/truckpartscm.com\/en\/product\/mercedes-benz-pld-plug-in-pump-a0290742502\/\",\"url\":\"https:\/\/truckpartscm.com\/en\/product\/mercedes-benz-pld-plug-in-pump-a0290742502\/\",\"name\":\"Pompe PLD A0290742502 - Pi\u00e8ce d'origine Douala\",\"isPartOf\":{\"@id\":\"https:\/\/truckpartscm.com\/en\/#website\"},\"primaryImageOfPage\":{\"@id\":\"https:\/\/truckpartscm.com\/en\/product\/mercedes-benz-pld-plug-in-pump-a0290742502\/#primaryimage\"},\"image\":{\"@id\":\"https:\/\/truckpartscm.com\/en\/product\/mercedes-benz-pld-plug-in-pump-a0290742502\/#primaryimage\"},\"thumbnailUrl\":\"https:\/\/truckpartscm.com\/wp-content\/uploads\/34108.webp\",\"datePublished\":\"2025-08-18T09:25:30+00:00\",\"dateModified\":\"2025-09-13T11:36:16+00:00\",\"description\":\"Achetez la pompe enfichable PLD d'origine Mercedes-Benz A0290742502. Pi\u00e8ce pour syst\u00e8me d'injection diesel disponible \u00e0 Douala, Cameroun.\",\"breadcrumb\":{\"@id\":\"https:\/\/truckpartscm.com\/en\/product\/mercedes-benz-pld-plug-in-pump-a0290742502\/#breadcrumb\"},\"inLanguage\":\"en-GB\",\"potentialAction\":[{\"@type\":\"ReadAction\",\"target\":[\"https:\/\/truckpartscm.com\/en\/product\/mercedes-benz-pld-plug-in-pump-a0290742502\/\"]}]},{\"@type\":\"ImageObject\",\"inLanguage\":\"en-GB\",\"@id\":\"https:\/\/truckpartscm.com\/en\/product\/mercedes-benz-pld-plug-in-pump-a0290742502\/#primaryimage\",\"url\":\"https:\/\/truckpartscm.com\/wp-content\/uploads\/34108.webp\",\"contentUrl\":\"https:\/\/truckpartscm.com\/wp-content\/uploads\/34108.webp\",\"width\":540,\"height\":540,\"caption\":\"Pompe enfichable PLD Mercedes-Benz A 029 074 25 02\"},{\"@type\":\"BreadcrumbList\",\"@id\":\"https:\/\/truckpartscm.com\/en\/product\/mercedes-benz-pld-plug-in-pump-a0290742502\/#breadcrumb\",\"itemListElement\":[{\"@type\":\"ListItem\",\"position\":1,\"name\":\"Home\",\"item\":\"https:\/\/truckpartscm.com\/en\/\"},{\"@type\":\"ListItem\",\"position\":2,\"name\":\"Boutique\",\"item\":\"https:\/\/truckpartscm.com\/en\/shop\/\"},{\"@type\":\"ListItem\",\"position\":3,\"name\":\"Pompe enfichable PLD Mercedes-Benz A0290742502\"}]},{\"@type\":\"WebSite\",\"@id\":\"https:\/\/truckpartscm.com\/en\/#website\",\"url\":\"https:\/\/truckpartscm.com\/en\/\",\"name\":\"Truck care and parts\",\"description\":\"Site internet de vende pieces de camions et offre de services de reparation de camions au cameroun\",\"potentialAction\":[{\"@type\":\"SearchAction\",\"target\":{\"@type\":\"EntryPoint\",\"urlTemplate\":\"https:\/\/truckpartscm.com\/en\/?s={search_term_string}\"},\"query-input\":{\"@type\":\"PropertyValueSpecification\",\"valueRequired\":true,\"valueName\":\"search_term_string\"}}],\"inLanguage\":\"en-GB\"}]}<\/script>\n<meta property=\"product:price:amount\" content=\"250000\" \/>\n<meta property=\"product:price:currency\" content=\"XAF\" \/>\n<meta property=\"og:availability\" content=\"instock\" \/>\n<meta property=\"product:availability\" content=\"instock\" \/>\n<meta property=\"product:condition\" content=\"new\" \/>\n<!-- \/ Yoast SEO Premium plugin. -->","yoast_head_json":{"title":"Pompe PLD A0290742502 - Pi\u00e8ce d'origine Douala","description":"Achetez la pompe enfichable PLD d'origine Mercedes-Benz A0290742502. Pi\u00e8ce pour syst\u00e8me d'injection diesel disponible \u00e0 Douala, Cameroun.","robots":{"index":"index","follow":"follow","max-snippet":"max-snippet:-1","max-image-preview":"max-image-preview:large","max-video-preview":"max-video-preview:-1"},"canonical":"https:\/\/truckpartscm.com\/en\/product\/mercedes-benz-pld-plug-in-pump-a0290742502\/","og_locale":"en_GB","og_type":"article","og_title":"Pompe enfichable PLD Mercedes-Benz A0290742502","og_description":"Achetez la pompe enfichable PLD d'origine Mercedes-Benz A0290742502. Pi\u00e8ce pour syst\u00e8me d'injection diesel disponible \u00e0 Douala, Cameroun.","og_url":"https:\/\/truckpartscm.com\/en\/product\/mercedes-benz-pld-plug-in-pump-a0290742502\/","og_site_name":"Truck care and parts","article_modified_time":"2025-09-13T11:36:16+00:00","og_image":[{"width":540,"height":540,"url":"https:\/\/truckpartscm.com\/wp-content\/uploads\/34108.webp","type":"image\/webp"}],"twitter_card":"summary_large_image","twitter_misc":{"Price":"250 000&nbsp;CFA","Availability":"In stock"},"schema":{"@context":"https:\/\/schema.org","@graph":[{"@type":"WebPage","@id":"https:\/\/truckpartscm.com\/en\/product\/mercedes-benz-pld-plug-in-pump-a0290742502\/","url":"https:\/\/truckpartscm.com\/en\/product\/mercedes-benz-pld-plug-in-pump-a0290742502\/","name":"Pompe PLD A0290742502 - Pi\u00e8ce d'origine Douala","isPartOf":{"@id":"https:\/\/truckpartscm.com\/en\/#website"},"primaryImageOfPage":{"@id":"https:\/\/truckpartscm.com\/en\/product\/mercedes-benz-pld-plug-in-pump-a0290742502\/#primaryimage"},"image":{"@id":"https:\/\/truckpartscm.com\/en\/product\/mercedes-benz-pld-plug-in-pump-a0290742502\/#primaryimage"},"thumbnailUrl":"https:\/\/truckpartscm.com\/wp-content\/uploads\/34108.webp","datePublished":"2025-08-18T09:25:30+00:00","dateModified":"2025-09-13T11:36:16+00:00","description":"Achetez la pompe enfichable PLD d'origine Mercedes-Benz A0290742502. Pi\u00e8ce pour syst\u00e8me d'injection diesel disponible \u00e0 Douala, Cameroun.","breadcrumb":{"@id":"https:\/\/truckpartscm.com\/en\/product\/mercedes-benz-pld-plug-in-pump-a0290742502\/#breadcrumb"},"inLanguage":"en-GB","potentialAction":[{"@type":"ReadAction","target":["https:\/\/truckpartscm.com\/en\/product\/mercedes-benz-pld-plug-in-pump-a0290742502\/"]}]},{"@type":"ImageObject","inLanguage":"en-GB","@id":"https:\/\/truckpartscm.com\/en\/product\/mercedes-benz-pld-plug-in-pump-a0290742502\/#primaryimage","url":"https:\/\/truckpartscm.com\/wp-content\/uploads\/34108.webp","contentUrl":"https:\/\/truckpartscm.com\/wp-content\/uploads\/34108.webp","width":540,"height":540,"caption":"Pompe enfichable PLD Mercedes-Benz A 029 074 25 02"},{"@type":"BreadcrumbList","@id":"https:\/\/truckpartscm.com\/en\/product\/mercedes-benz-pld-plug-in-pump-a0290742502\/#breadcrumb","itemListElement":[{"@type":"ListItem","position":1,"name":"Home","item":"https:\/\/truckpartscm.com\/en\/"},{"@type":"ListItem","position":2,"name":"Boutique","item":"https:\/\/truckpartscm.com\/en\/shop\/"},{"@type":"ListItem","position":3,"name":"Pompe enfichable PLD Mercedes-Benz A0290742502"}]},{"@type":"WebSite","@id":"https:\/\/truckpartscm.com\/en\/#website","url":"https:\/\/truckpartscm.com\/en\/","name":"Truck care and parts","description":"Site internet de vende pieces de camions et offre de services de reparation de camions au cameroun","potentialAction":[{"@type":"SearchAction","target":{"@type":"EntryPoint","urlTemplate":"https:\/\/truckpartscm.com\/en\/?s={search_term_string}"},"query-input":{"@type":"PropertyValueSpecification","valueRequired":true,"valueName":"search_term_string"}}],"inLanguage":"en-GB"}]},"product_price_amount":"250000","product_price_currency":"XAF","og_availability":"instock","product_availability":"instock","product_condition":"new"},"_links":{"self":[{"href":"https:\/\/truckpartscm.com\/en\/wp-json\/wp\/v2\/product\/4300","targetHints":{"allow":["GET"]}}],"collection":[{"href":"https:\/\/truckpartscm.com\/en\/wp-json\/wp\/v2\/product"}],"about":[{"href":"https:\/\/truckpartscm.com\/en\/wp-json\/wp\/v2\/types\/product"}],"replies":[{"embeddable":true,"href":"https:\/\/truckpartscm.com\/en\/wp-json\/wp\/v2\/comments?post=4300"}],"wp:featuredmedia":[{"embeddable":true,"href":"https:\/\/truckpartscm.com\/en\/wp-json\/wp\/v2\/media\/4301"}],"wp:attachment":[{"href":"https:\/\/truckpartscm.com\/en\/wp-json\/wp\/v2\/media?parent=4300"}],"wp:term":[{"taxonomy":"product_brand","embeddable":true,"href":"https:\/\/truckpartscm.com\/en\/wp-json\/wp\/v2\/product_brand?post=4300"},{"taxonomy":"product_cat","embeddable":true,"href":"https:\/\/truckpartscm.com\/en\/wp-json\/wp\/v2\/product_cat?post=4300"},{"taxonomy":"product_tag","embeddable":true,"href":"https:\/\/truckpartscm.com\/en\/wp-json\/wp\/v2\/product_tag?post=4300"}],"curies":[{"name":"wp","href":"https:\/\/api.w.org\/{rel}","templated":true}]}}