{"id":2969,"date":"2021-04-17T13:29:04","date_gmt":"2021-04-17T13:29:04","guid":{"rendered":"https:\/\/truckpartscm.com\/?page_id=2969"},"modified":"2025-08-07T14:16:06","modified_gmt":"2025-08-07T13:16:06","slug":"typography","status":"publish","type":"page","link":"https:\/\/truckpartscm.com\/en\/typography\/","title":{"rendered":"Service"},"content":{"rendered":"<div class=\"wpb-content-wrapper\"><div class=\"vc_row wpb_row vc_row-fluid vc_custom_1618756602358 vc_column-gap-40 vc_row-o-equal-height vc_row-o-content-middle vc_row-flex vc-row-380969\" >\n\t<div class=\"container et-clearfix\">\n\t\t<div class=\"wpb_column vc_column_container vc_col-sm-12 vc_col-lg-6 vc_col-md-6 vc_col-xs-12 text-align-none vc-column-581975\" >\n\t<div class=\"vc_column-inner vci\" >\n\t\t<div class=\"wpb_wrapper\">\n\t\t\t<div id=\"et-image-883157\" style=\"width:1200px;max-height:800px;\" class=\"et-image alignnone border-radius-true animate-false\" ><div style=\"max-width:1200px;max-height:800px;\" class=\"lazy-inline-image\"><img loading=\"lazy\" decoding=\"async\" class=\"lazy\" src=\"data:image\/gif;base64,R0lGODlhAQABAIAAAP\/\/\/wAAACH5BAEAAAAALAAAAAABAAEAAAICRAEAOw==\" width=\"1200\" height=\"800\" data-src=\"https:\/\/truckpartscm.com\/wp-content\/uploads\/image-1200x800.jpg\" alt=\"Truck care and parts\" \/><svg class=\"media-placeholder\" viewbox=\"0 0 1200 800\"><path d=\"M0,0H1200V800H0V0Z\" \/><\/svg><svg class=\"placeholder\" viewbox=\"0 0 20 4\"><circle cx=\"2\" cy=\"2\" r=\"2\" \/><circle cx=\"10\" cy=\"2\" r=\"2\" \/><circle cx=\"18\" cy=\"2\" r=\"2\" \/><\/svg><\/div><\/div><span class=\"et-gap et-clearfix et-gap-463397\"><\/span>\t\t<\/div>\n\t\t\t<\/div>\n<\/div><div class=\"wpb_animate_when_almost_visible wpb_fadeIn fadeIn wpb_column vc_column_container vc_col-sm-12 vc_col-lg-6 vc_col-md-6 vc_col-xs-12 text-align-none vc-column-288130\" data-del=\"0\" >\n\t<div class=\"vc_column-inner vci\" >\n\t\t<div class=\"wpb_wrapper\">\n\t\t\t<span class=\"et-gap et-clearfix et-gap-353896 hide1024\"><\/span><h5 class=\"et-heading text-align-left highlight-false animate-true letter\" id=\"et-heading-659961\" data-delay=\"300\" data-374-f=\"24\" data-374-lh=\"30\" data-375-767-f=\"28\" data-375-767-lh=\"34\" data-1024-1279-f=\"40\" data-1024-1279-lh=\"40\"><span class=\"text-wrapper\"><span class=\"text\">Repair service<span class=\"et-gap et-clearfix et-gap-1\"><\/span><span style=\"color: #ffb700;\">quality.<\/span><\/span><\/span><\/h5>\n<div class=\"wpb_text_column wpb_content_element  wpb_animate_when_almost_visible wpb_bottom-to-top bottom-to-top\"  data-del=\"350\">\n\t<div class=\"wpb_wrapper\">\n\t\t<p dir=\"auto\">At Truck Care, we understand that every minute counts. That's why we do everything we can to keep your truck moving, no matter what the challenges. Our qualified experts are equipped to handle all repairs and breakdowns, big or small.<\/p>\n<p dir=\"auto\">Our dedicated team is ready to step in at any time to offer you fast, reliable solutions. Whether it's a mechanical breakdown, an electrical problem or a maintenance requirement, we have the tools and expertise to get you back on the road in record time.<\/p>\n<p dir=\"auto\">We believe in service that goes beyond the workshop. That's why we offer comprehensive support, wherever you are. With Truck Care, you have a trusted partner who looks after your fleet as if it were our own.<\/p>\n\t<\/div>\n<\/div>\n\n<span class=\"et-gap et-clearfix et-gap-208837 hide767\"><\/span><span class=\"et-gap et-clearfix et-gap-463397\"><\/span>\t\t<\/div>\n\t\t\t<\/div>\n<\/div>\t<\/div>\n\t\t<\/div>\n<\/div>","protected":false},"excerpt":{"rendered":"Service de reparationde qualite. Chez Truck Care, nous comprenons que chaque minute compte. C'est pourquoi nous mettons tout en \u0153uvre pour assurer que votre camion reste en mouvement, peu importe les d\u00e9fis. Nos experts qualifi\u00e9s sont \u00e9quip\u00e9s pour g\u00e9rer toutes les r\u00e9parations et tous les d\u00e9pannages, grands ou petits. Notre \u00e9quipe d\u00e9vou\u00e9e est pr\u00eate \u00e0 [...]","protected":false},"author":1,"featured_media":0,"parent":0,"menu_order":0,"comment_status":"closed","ping_status":"closed","template":"page-vc.php","meta":{"footnotes":""},"class_list":["post-2969","page","type-page","status-publish","hentry"],"yoast_head":"<!-- This site is optimized with the Yoast SEO Premium plugin v25.7.1 (Yoast SEO v25.7) - https:\/\/yoast.com\/wordpress\/plugins\/seo\/ -->\n<title>Service - Truck care and parts<\/title>\n<meta name=\"robots\" content=\"index, follow, max-snippet:-1, max-image-preview:large, max-video-preview:-1\" \/>\n<link rel=\"canonical\" href=\"https:\/\/truckpartscm.com\/en\/typography\/\" \/>\n<meta property=\"og:locale\" content=\"en_GB\" \/>\n<meta property=\"og:type\" content=\"article\" \/>\n<meta property=\"og:title\" content=\"Service\" \/>\n<meta property=\"og:url\" content=\"https:\/\/truckpartscm.com\/en\/typography\/\" \/>\n<meta property=\"og:site_name\" content=\"Truck care and parts\" \/>\n<meta property=\"article:modified_time\" content=\"2025-08-07T13:16:06+00:00\" \/>\n<meta name=\"twitter:card\" content=\"summary_large_image\" \/>\n<meta name=\"twitter:label1\" content=\"Estimated reading time\" \/>\n\t<meta name=\"twitter:data1\" content=\"2 minutes\" \/>\n<script type=\"application\/ld+json\" class=\"yoast-schema-graph\">{\"@context\":\"https:\/\/schema.org\",\"@graph\":[{\"@type\":\"WebPage\",\"@id\":\"https:\/\/truckpartscm.com\/en\/typography\/\",\"url\":\"https:\/\/truckpartscm.com\/en\/typography\/\",\"name\":\"Service - Truck care and parts\",\"isPartOf\":{\"@id\":\"https:\/\/truckpartscm.com\/en\/#website\"},\"datePublished\":\"2021-04-17T13:29:04+00:00\",\"dateModified\":\"2025-08-07T13:16:06+00:00\",\"breadcrumb\":{\"@id\":\"https:\/\/truckpartscm.com\/en\/typography\/#breadcrumb\"},\"inLanguage\":\"en-GB\",\"potentialAction\":[{\"@type\":\"ReadAction\",\"target\":[\"https:\/\/truckpartscm.com\/en\/typography\/\"]}]},{\"@type\":\"BreadcrumbList\",\"@id\":\"https:\/\/truckpartscm.com\/en\/typography\/#breadcrumb\",\"itemListElement\":[{\"@type\":\"ListItem\",\"position\":1,\"name\":\"Home\",\"item\":\"https:\/\/truckpartscm.com\/en\/\"},{\"@type\":\"ListItem\",\"position\":2,\"name\":\"Service\"}]},{\"@type\":\"WebSite\",\"@id\":\"https:\/\/truckpartscm.com\/en\/#website\",\"url\":\"https:\/\/truckpartscm.com\/en\/\",\"name\":\"Truck care and parts\",\"description\":\"Site internet de vende pieces de camions et offre de services de reparation de camions au cameroun\",\"potentialAction\":[{\"@type\":\"SearchAction\",\"target\":{\"@type\":\"EntryPoint\",\"urlTemplate\":\"https:\/\/truckpartscm.com\/en\/?s={search_term_string}\"},\"query-input\":{\"@type\":\"PropertyValueSpecification\",\"valueRequired\":true,\"valueName\":\"search_term_string\"}}],\"inLanguage\":\"en-GB\"}]}<\/script>\n<!-- \/ Yoast SEO Premium plugin. -->","yoast_head_json":{"title":"Service - Truck care and parts","robots":{"index":"index","follow":"follow","max-snippet":"max-snippet:-1","max-image-preview":"max-image-preview:large","max-video-preview":"max-video-preview:-1"},"canonical":"https:\/\/truckpartscm.com\/en\/typography\/","og_locale":"en_GB","og_type":"article","og_title":"Service","og_url":"https:\/\/truckpartscm.com\/en\/typography\/","og_site_name":"Truck care and parts","article_modified_time":"2025-08-07T13:16:06+00:00","twitter_card":"summary_large_image","twitter_misc":{"Estimated reading time":"2 minutes"},"schema":{"@context":"https:\/\/schema.org","@graph":[{"@type":"WebPage","@id":"https:\/\/truckpartscm.com\/en\/typography\/","url":"https:\/\/truckpartscm.com\/en\/typography\/","name":"Service - Truck care and parts","isPartOf":{"@id":"https:\/\/truckpartscm.com\/en\/#website"},"datePublished":"2021-04-17T13:29:04+00:00","dateModified":"2025-08-07T13:16:06+00:00","breadcrumb":{"@id":"https:\/\/truckpartscm.com\/en\/typography\/#breadcrumb"},"inLanguage":"en-GB","potentialAction":[{"@type":"ReadAction","target":["https:\/\/truckpartscm.com\/en\/typography\/"]}]},{"@type":"BreadcrumbList","@id":"https:\/\/truckpartscm.com\/en\/typography\/#breadcrumb","itemListElement":[{"@type":"ListItem","position":1,"name":"Home","item":"https:\/\/truckpartscm.com\/en\/"},{"@type":"ListItem","position":2,"name":"Service"}]},{"@type":"WebSite","@id":"https:\/\/truckpartscm.com\/en\/#website","url":"https:\/\/truckpartscm.com\/en\/","name":"Truck care and parts","description":"Site internet de vende pieces de camions et offre de services de reparation de camions au cameroun","potentialAction":[{"@type":"SearchAction","target":{"@type":"EntryPoint","urlTemplate":"https:\/\/truckpartscm.com\/en\/?s={search_term_string}"},"query-input":{"@type":"PropertyValueSpecification","valueRequired":true,"valueName":"search_term_string"}}],"inLanguage":"en-GB"}]}},"_links":{"self":[{"href":"https:\/\/truckpartscm.com\/en\/wp-json\/wp\/v2\/pages\/2969","targetHints":{"allow":["GET"]}}],"collection":[{"href":"https:\/\/truckpartscm.com\/en\/wp-json\/wp\/v2\/pages"}],"about":[{"href":"https:\/\/truckpartscm.com\/en\/wp-json\/wp\/v2\/types\/page"}],"author":[{"embeddable":true,"href":"https:\/\/truckpartscm.com\/en\/wp-json\/wp\/v2\/users\/1"}],"replies":[{"embeddable":true,"href":"https:\/\/truckpartscm.com\/en\/wp-json\/wp\/v2\/comments?post=2969"}],"version-history":[{"count":8,"href":"https:\/\/truckpartscm.com\/en\/wp-json\/wp\/v2\/pages\/2969\/revisions"}],"predecessor-version":[{"id":4278,"href":"https:\/\/truckpartscm.com\/en\/wp-json\/wp\/v2\/pages\/2969\/revisions\/4278"}],"wp:attachment":[{"href":"https:\/\/truckpartscm.com\/en\/wp-json\/wp\/v2\/media?parent=2969"}],"curies":[{"name":"wp","href":"https:\/\/api.w.org\/{rel}","templated":true}]}}