{"id":2942,"date":"2021-04-17T13:14:44","date_gmt":"2021-04-17T13:14:44","guid":{"rendered":"https:\/\/truckpartscm.com\/?page_id=2942"},"modified":"2025-09-24T21:39:12","modified_gmt":"2025-09-24T20:39:12","slug":"contact-us","status":"publish","type":"page","link":"https:\/\/truckpartscm.com\/en\/contact-us\/","title":{"rendered":"Contact us"},"content":{"rendered":"<div class=\"wpb-content-wrapper\"><div class=\"vc_row wpb_row vc_row-fluid vc_custom_1754096369180 vc_column-gap-40 vc-row-403997\" >\n\t<div class=\"container et-clearfix\">\n\t\t<div class=\"wpb_column vc_column_container vc_col-sm-12 vc_col-lg-7 vc_col-md-12 vc_col-xs-12 text-align-none vc-column-54703\" >\n\t<div class=\"vc_column-inner vci\" >\n\t\t<div class=\"wpb_wrapper\">\n\t\t\t<span class=\"et-gap et-clearfix et-gap-78568\"><\/span>\n<div class=\"wpb_text_column wpb_content_element\"  data-del=\"0\">\n\t<div class=\"wpb_wrapper\">\n\t\t<p style=\"font-size: 16px; line-height: 26px;\">Whether you need spare parts for your truck or a reliable repair service, our team is here to help. Please do not hesitate to contact us with any questions or to make an appointment. We look forward to serving you and all your truck needs.<\/p>\n\t<\/div>\n<\/div>\n\n<span class=\"et-gap et-clearfix et-gap-546611\"><\/span><div id=\"et-icon-box-container-172549\" class=\"columns-2 et-icon-box-container gap-true border-false top\" data-animation=\"none\"><\/div><div id=\"et-icon-box-423786\" class=\"et-icon-box vci icon-position-left icon-alignment-left animation-none large\" data-effect=\"none\"><div class=\"et-icon-box-inner et-clearfix large\"><div class=\"et-icon large\"><svg xmlns=\"http:\/\/www.w3.org\/2000\/svg\" viewbox=\"0 0 512 512\"><path d=\"M136 210c-24.814 0-45 20.186-45 45v122c0 24.814 20.186 45 45 45s45-20.186 45-45V255c0-24.814-20.186-45-45-45zM61 255c0-4.327.571-8.507 1.278-12.634C44.2 248.209 31 265.001 31 285v62c0 19.999 13.2 36.791 31.278 42.634C61.571 385.507 61 381.327 61 377V255zM376 210c-24.814 0-45 20.186-45 45v122c0 24.814 20.186 45 45 45 4.51 0 8.782-.868 12.892-2.108C383.308 438.401 366.305 452 346 452h-47.763c-6.213-17.422-22.707-30-42.237-30-24.814 0-45 20.186-45 45s20.186 45 45 45c19.53 0 36.024-12.578 42.237-30H346c41.353 0 75-33.647 75-75V255c0-24.814-20.186-45-45-45zM449.722 242.366c.707 4.127 1.278 8.307 1.278 12.634v122c0 4.327-.571 8.507-1.278 12.634C467.8 383.791 481 366.999 481 347v-62c0-19.999-13.2-36.791-31.278-42.634z\"><\/path><path d=\"M256 0C131.928 0 31 100.928 31 225v.383c8.937-6.766 19.277-11.717 30.687-13.934C68.698 110.251 153.054 30 256 30s187.302 80.251 194.313 181.448c11.409 2.217 21.749 7.169 30.687 13.934V225C481 100.928 380.072 0 256 0z\"><\/path><\/svg> <\/div><div class=\"et-icon-content\"><h4 class=\"et-icon-box-title default\">+237 676877679<\/h4><p class=\"et-icon-box-content\">Monday to Friday: 8:00- 18:00<br \/>\nSaturday: 9:00 - 17:00<\/p><\/div><\/div><\/div><div class=\"et-separator et-clearfix animate-false solid left horizontal et-separator-346014\" data-delay=\"\"><div class=\"line\"><\/div><\/div><h4 class=\"et-heading text-align-left highlight-false\" id=\"et-heading-748231\" ><span class=\"text-wrapper\"><span class=\"text\">Our location<\/span><span class=\"curtain\"><\/span><\/span><\/h4><span class=\"et-gap et-clearfix et-gap-464260\"><\/span><span class=\"et-gap et-clearfix et-gap-464260\"><\/span><div class=\"vc_row wpb_row vc_inner vc_row-fluid vc_column-gap-24 vc_row-o-equal-height vc_row-o-content-middle vc_row-flex vc-row-572371\"><div class=\"wpb_column vc_column_container vc_col-sm-6\"><div class=\"vc_column-inner\"><div class=\"wpb_wrapper\"><div class=\"wpb_gmaps_widget wpb_content_element\"><div class=\"wpb_wrapper\"><div class=\"wpb_map_wraper\"><iframe src=\"https:\/\/www.google.com\/maps\/embed?pb=!1m14!1m12!1m3!1d497.5088543391814!2d9.796108843530648!3d4.005860579317726!2m3!1f0!2f0!3f0!3m2!1i1024!2i768!4f13.1!5e0!3m2!1sfr!2scm!4v1754089927724!5m2!1sfr!2scm\" width=\"600\" height=\"210\" style=\"border:0;\" allowfullscreen=\"\" loading=\"lazy\"><\/iframe><\/div><\/div><\/div><\/div><\/div><\/div><div class=\"wpb_column vc_column_container vc_col-sm-6\"><div class=\"vc_column-inner\"><div class=\"wpb_wrapper\"><span class=\"et-gap et-clearfix et-gap-360068 hide768\"><\/span><h6 class=\"et-heading text-align-left highlight-false\" id=\"et-heading-150694\" ><span class=\"text-wrapper\"><span class=\"text\">Yassa, Douala<\/span><span class=\"curtain\"><\/span><\/span><\/h6><ul id=\"et-icon-list-858733\" class=\"et-icon-list extra-small\" ><li><div class=\"icon-wrap\"><div class=\"et-icon size-extra-small\"><svg xmlns=\"http:\/\/www.w3.org\/2000\/svg\" viewbox=\"0 0 492.004 492.004\"><path d=\"M382.678 226.804L163.73 7.86C158.666 2.792 151.906 0 144.698 0s-13.968 2.792-19.032 7.86l-16.124 16.12c-10.492 10.504-10.492 27.576 0 38.064L293.398 245.9l-184.06 184.06c-5.064 5.068-7.86 11.824-7.86 19.028 0 7.212 2.796 13.968 7.86 19.04l16.124 16.116c5.068 5.068 11.824 7.86 19.032 7.86s13.968-2.792 19.032-7.86L382.678 265c5.076-5.084 7.864-11.872 7.848-19.088.016-7.244-2.772-14.028-7.848-19.108z\"><\/path><\/svg><\/div><\/div><div>Tel: +237 676877679<\/div><\/li><li><div class=\"icon-wrap\"><div class=\"et-icon size-extra-small\"><svg xmlns=\"http:\/\/www.w3.org\/2000\/svg\" viewbox=\"0 0 492.004 492.004\"><path d=\"M382.678 226.804L163.73 7.86C158.666 2.792 151.906 0 144.698 0s-13.968 2.792-19.032 7.86l-16.124 16.12c-10.492 10.504-10.492 27.576 0 38.064L293.398 245.9l-184.06 184.06c-5.064 5.068-7.86 11.824-7.86 19.028 0 7.212 2.796 13.968 7.86 19.04l16.124 16.116c5.068 5.068 11.824 7.86 19.032 7.86s13.968-2.792 19.032-7.86L382.678 265c5.076-5.084 7.864-11.872 7.848-19.088.016-7.244-2.772-14.028-7.848-19.108z\"><\/path><\/svg><\/div><\/div><div>Email: contact@truckpartscm.com<\/div><\/li><li><div class=\"icon-wrap\"><div class=\"et-icon size-extra-small\"><svg xmlns=\"http:\/\/www.w3.org\/2000\/svg\" viewbox=\"0 0 492.004 492.004\"><path d=\"M382.678 226.804L163.73 7.86C158.666 2.792 151.906 0 144.698 0s-13.968 2.792-19.032 7.86l-16.124 16.12c-10.492 10.504-10.492 27.576 0 38.064L293.398 245.9l-184.06 184.06c-5.064 5.068-7.86 11.824-7.86 19.028 0 7.212 2.796 13.968 7.86 19.04l16.124 16.116c5.068 5.068 11.824 7.86 19.032 7.86s13.968-2.792 19.032-7.86L382.678 265c5.076-5.084 7.864-11.872 7.848-19.088.016-7.244-2.772-14.028-7.848-19.108z\"><\/path><\/svg><\/div><\/div><div>Social housing in Yassa, Douala<\/div><\/li><\/ul><\/div><\/div><\/div><\/div><span class=\"et-gap et-clearfix et-gap-554235\"><\/span>\t\t<\/div>\n\t\t\t<\/div>\n<\/div><div class=\"wpb_column vc_column_container vc_col-sm-12 vc_col-lg-5 vc_col-md-12 vc_col-xs-12 text-align-none vc_col-has-fill vc-column-617517\" >\n\t<div class=\"vc_column-inner vci vc_custom_1620372645556\" data-374-l=\"6\"  data-374-r=\"6\"  data-375-767-l=\"6\"  data-375-767-r=\"6\" >\n\t\t<div class=\"wpb_wrapper\">\n\t\t\t<h5 class=\"et-heading text-align-left highlight-false\" id=\"et-heading-150209\" ><span class=\"text-wrapper\"><span class=\"text\">Contact us at<\/span><span class=\"curtain\"><\/span><\/span><\/h5><p class=\"et-heading text-align-left highlight-false\" id=\"et-heading-610924\" ><span class=\"text-wrapper\"><span class=\"text\">Need help or information? Fill in the form below and we'll get back to you as soon as possible.<\/span><span class=\"curtain\"><\/span><\/span><\/p><p class=\"wpcf7-contact-form-not-found\"><strong>Error:<\/strong> Contact form not found.<\/p><style id=\"wpforms-css-vars-4179\">\n\t\t\t\t#wpforms-4179 {\n\t\t\t\t--wpforms-field-size-input-height: 43px;\n--wpforms-field-size-input-spacing: 15px;\n--wpforms-field-size-font-size: 16px;\n--wpforms-field-size-line-height: 19px;\n--wpforms-field-size-padding-h: 14px;\n--wpforms-field-size-checkbox-size: 16px;\n--wpforms-field-size-sublabel-spacing: 5px;\n--wpforms-field-size-icon-size: 1;\n--wpforms-label-size-font-size: 16px;\n--wpforms-label-size-line-height: 19px;\n--wpforms-label-size-sublabel-font-size: 14px;\n--wpforms-label-size-sublabel-line-height: 17px;\n--wpforms-button-size-font-size: 17px;\n--wpforms-button-size-height: 41px;\n--wpforms-button-size-padding-h: 15px;\n--wpforms-button-size-margin-top: 10px;\n--wpforms-container-shadow-size-box-shadow: none;\n\n\t\t\t}\n\t\t\t<\/style><div class=\"wpforms-container wpforms-container-full wpforms-render-modern\" id=\"wpforms-4179\"><form id=\"wpforms-form-4179\" class=\"wpforms-validate wpforms-form wpforms-ajax-form\" data-formid=\"4179\" method=\"post\" enctype=\"multipart\/form-data\" action=\"\/en\/wp-json\/wp\/v2\/pages\/2942\" data-token=\"d8b456e64593b294007c7d157c51f792\" data-token-time=\"1776617990\" data-trp-original-action=\"\/en\/wp-json\/wp\/v2\/pages\/2942\"><noscript class=\"wpforms-error-noscript\">Please enable JavaScript in your browser to complete this form.<\/noscript><div id=\"wpforms-error-noscript\" style=\"display: none;\">Please enable JavaScript in your browser to complete this form.<\/div><div class=\"wpforms-field-container\"><div id=\"wpforms-4179-field_1-container\" class=\"wpforms-field wpforms-field-name\" data-field-id=\"1\"><label class=\"wpforms-field-label\" for=\"wpforms-4179-field_1\">Name <span class=\"wpforms-required-label\" aria-hidden=\"true\">*<\/span><\/label><input type=\"text\" id=\"wpforms-4179-field_1\" class=\"wpforms-field-large wpforms-field-required\" name=\"wpforms[fields][1]\" aria-errormessage=\"wpforms-4179-field_1-error\" required><\/div>\t\t<div id=\"wpforms-4179-field_4-container\"\n\t\t\tclass=\"wpforms-field wpforms-field-text\"\n\t\t\tdata-field-type=\"text\"\n\t\t\tdata-field-id=\"4\"\n\t\t\t>\n\t\t\t<label class=\"wpforms-field-label\" for=\"wpforms-4179-field_4\" >Email  Votre<\/label>\n\t\t\t<input type=\"text\" id=\"wpforms-4179-field_4\" class=\"wpforms-field-medium\" name=\"wpforms[fields][4]\" >\n\t\t<\/div>\n\t\t<div id=\"wpforms-4179-field_2-container\" class=\"wpforms-field wpforms-field-email\" data-field-id=\"2\"><label class=\"wpforms-field-label\" for=\"wpforms-4179-field_2\">Email <span class=\"wpforms-required-label\" aria-hidden=\"true\">*<\/span><\/label><input type=\"email\" id=\"wpforms-4179-field_2\" class=\"wpforms-field-large wpforms-field-required\" name=\"wpforms[fields][2]\" spellcheck=\"false\" aria-errormessage=\"wpforms-4179-field_2-error\" required><\/div><div id=\"wpforms-4179-field_3-container\" class=\"wpforms-field wpforms-field-textarea\" data-field-id=\"3\"><label class=\"wpforms-field-label\" for=\"wpforms-4179-field_3\"> Your message<\/label><textarea id=\"wpforms-4179-field_3\" class=\"wpforms-field-medium\" name=\"wpforms[fields][3]\" aria-errormessage=\"wpforms-4179-field_3-error\" ><\/textarea><\/div><script>\n\t\t\t\t( function() {\n\t\t\t\t\tconst style = document.createElement( 'style' );\n\t\t\t\t\tstyle.appendChild( document.createTextNode( '#wpforms-4179-field_4-container { position: absolute !important; overflow: hidden !important; display: inline !important; height: 1px !important; width: 1px !important; z-index: -1000 !important; padding: 0 !important; } #wpforms-4179-field_4-container input { visibility: hidden; } #wpforms-conversational-form-page #wpforms-4179-field_4-container label { counter-increment: none; }' ) );\n\t\t\t\t\tdocument.head.appendChild( style );\n\t\t\t\t\tdocument.currentScript?.remove();\n\t\t\t\t} )();\n\t\t\t<\/script><\/div><!-- .wpforms-field-container --><div class=\"wpforms-submit-container\" ><input type=\"hidden\" name=\"wpforms[id]\" value=\"4179\"><input type=\"hidden\" name=\"page_title\" value=\"\"><input type=\"hidden\" name=\"page_url\" value=\"https:\/\/truckpartscm.com\/en\/wp-json\/wp\/v2\/pages\/2942\"><input type=\"hidden\" name=\"url_referer\" value=\"\"><button type=\"submit\" name=\"wpforms[submit]\" id=\"wpforms-submit-4179\" class=\"wpforms-submit\" data-alt-text=\"Sending...\" data-submit-text=\"Valider\" aria-live=\"assertive\" value=\"wpforms-submit\">Confirm<\/button><img loading=\"lazy\" decoding=\"async\" src=\"https:\/\/truckpartscm.com\/wp-content\/plugins\/wpforms\/assets\/images\/submit-spin.svg\" class=\"wpforms-submit-spinner\" style=\"display: none;\" width=\"26\" height=\"26\" alt=\"Loading\"><\/div><input type=\"hidden\" name=\"trp-form-language\" value=\"en\"\/><\/form><\/div>  <!-- .wpforms-container -->\t\t<\/div>\n\t\t\t<\/div>\n<\/div><div class=\"wpb_column vc_column_container vc_col-sm-12 text-align-none\" >\n\t<div class=\"vc_column-inner vci\" >\n\t\t<div class=\"wpb_wrapper\">\n\t\t\t\t\t<\/div>\n\t\t\t<\/div>\n<\/div>\t<\/div>\n\t\t<\/div>\n<\/div>","protected":false},"excerpt":{"rendered":"Que vous ayez besoin de pi\u00e8ces d\u00e9tach\u00e9es pour votre camion ou d'un service de r\u00e9paration fiable, notre \u00e9quipe est l\u00e0 pour vous aider. N'h\u00e9sitez pas \u00e0 nous contacter pour toute question ou pour prendre rendez-vous. Nous sommes impatients de vous servir et de r\u00e9pondre \u00e0 tous vos besoins en mati\u00e8re de camions. +237 676877679Lundi\u00a0 a [...]","protected":false},"author":1,"featured_media":0,"parent":0,"menu_order":0,"comment_status":"closed","ping_status":"closed","template":"page-vc.php","meta":{"footnotes":""},"class_list":["post-2942","page","type-page","status-publish","hentry"],"yoast_head":"<!-- This site is optimized with the Yoast SEO Premium plugin v25.7.1 (Yoast SEO v25.7) - https:\/\/yoast.com\/wordpress\/plugins\/seo\/ -->\n<title>Contact us - Truck care and parts<\/title>\n<meta name=\"robots\" content=\"index, follow, max-snippet:-1, max-image-preview:large, max-video-preview:-1\" \/>\n<link rel=\"canonical\" href=\"https:\/\/truckpartscm.com\/en\/contact-us\/\" \/>\n<meta property=\"og:locale\" content=\"en_GB\" \/>\n<meta property=\"og:type\" content=\"article\" \/>\n<meta property=\"og:title\" content=\"Contact us\" \/>\n<meta property=\"og:url\" content=\"https:\/\/truckpartscm.com\/en\/contact-us\/\" \/>\n<meta property=\"og:site_name\" content=\"Truck care and parts\" \/>\n<meta property=\"article:modified_time\" content=\"2025-09-24T20:39:12+00:00\" \/>\n<meta name=\"twitter:card\" content=\"summary_large_image\" \/>\n<meta name=\"twitter:label1\" content=\"Estimated reading time\" \/>\n\t<meta name=\"twitter:data1\" content=\"4 minutes\" \/>\n<script type=\"application\/ld+json\" class=\"yoast-schema-graph\">{\"@context\":\"https:\/\/schema.org\",\"@graph\":[{\"@type\":\"WebPage\",\"@id\":\"https:\/\/truckpartscm.com\/en\/contact-us\/\",\"url\":\"https:\/\/truckpartscm.com\/en\/contact-us\/\",\"name\":\"Contact us - Truck care and parts\",\"isPartOf\":{\"@id\":\"https:\/\/truckpartscm.com\/en\/#website\"},\"datePublished\":\"2021-04-17T13:14:44+00:00\",\"dateModified\":\"2025-09-24T20:39:12+00:00\",\"breadcrumb\":{\"@id\":\"https:\/\/truckpartscm.com\/en\/contact-us\/#breadcrumb\"},\"inLanguage\":\"en-GB\",\"potentialAction\":[{\"@type\":\"ReadAction\",\"target\":[\"https:\/\/truckpartscm.com\/en\/contact-us\/\"]}]},{\"@type\":\"BreadcrumbList\",\"@id\":\"https:\/\/truckpartscm.com\/en\/contact-us\/#breadcrumb\",\"itemListElement\":[{\"@type\":\"ListItem\",\"position\":1,\"name\":\"Home\",\"item\":\"https:\/\/truckpartscm.com\/en\/\"},{\"@type\":\"ListItem\",\"position\":2,\"name\":\"Contact us\"}]},{\"@type\":\"WebSite\",\"@id\":\"https:\/\/truckpartscm.com\/en\/#website\",\"url\":\"https:\/\/truckpartscm.com\/en\/\",\"name\":\"Truck care and parts\",\"description\":\"Site internet de vende pieces de camions et offre de services de reparation de camions au cameroun\",\"potentialAction\":[{\"@type\":\"SearchAction\",\"target\":{\"@type\":\"EntryPoint\",\"urlTemplate\":\"https:\/\/truckpartscm.com\/en\/?s={search_term_string}\"},\"query-input\":{\"@type\":\"PropertyValueSpecification\",\"valueRequired\":true,\"valueName\":\"search_term_string\"}}],\"inLanguage\":\"en-GB\"}]}<\/script>\n<!-- \/ Yoast SEO Premium plugin. -->","yoast_head_json":{"title":"Contact us - Truck care and parts","robots":{"index":"index","follow":"follow","max-snippet":"max-snippet:-1","max-image-preview":"max-image-preview:large","max-video-preview":"max-video-preview:-1"},"canonical":"https:\/\/truckpartscm.com\/en\/contact-us\/","og_locale":"en_GB","og_type":"article","og_title":"Contact us","og_url":"https:\/\/truckpartscm.com\/en\/contact-us\/","og_site_name":"Truck care and parts","article_modified_time":"2025-09-24T20:39:12+00:00","twitter_card":"summary_large_image","twitter_misc":{"Estimated reading time":"4 minutes"},"schema":{"@context":"https:\/\/schema.org","@graph":[{"@type":"WebPage","@id":"https:\/\/truckpartscm.com\/en\/contact-us\/","url":"https:\/\/truckpartscm.com\/en\/contact-us\/","name":"Contact us - Truck care and parts","isPartOf":{"@id":"https:\/\/truckpartscm.com\/en\/#website"},"datePublished":"2021-04-17T13:14:44+00:00","dateModified":"2025-09-24T20:39:12+00:00","breadcrumb":{"@id":"https:\/\/truckpartscm.com\/en\/contact-us\/#breadcrumb"},"inLanguage":"en-GB","potentialAction":[{"@type":"ReadAction","target":["https:\/\/truckpartscm.com\/en\/contact-us\/"]}]},{"@type":"BreadcrumbList","@id":"https:\/\/truckpartscm.com\/en\/contact-us\/#breadcrumb","itemListElement":[{"@type":"ListItem","position":1,"name":"Home","item":"https:\/\/truckpartscm.com\/en\/"},{"@type":"ListItem","position":2,"name":"Contact us"}]},{"@type":"WebSite","@id":"https:\/\/truckpartscm.com\/en\/#website","url":"https:\/\/truckpartscm.com\/en\/","name":"Truck care and parts","description":"Site internet de vende pieces de camions et offre de services de reparation de camions au cameroun","potentialAction":[{"@type":"SearchAction","target":{"@type":"EntryPoint","urlTemplate":"https:\/\/truckpartscm.com\/en\/?s={search_term_string}"},"query-input":{"@type":"PropertyValueSpecification","valueRequired":true,"valueName":"search_term_string"}}],"inLanguage":"en-GB"}]}},"_links":{"self":[{"href":"https:\/\/truckpartscm.com\/en\/wp-json\/wp\/v2\/pages\/2942","targetHints":{"allow":["GET"]}}],"collection":[{"href":"https:\/\/truckpartscm.com\/en\/wp-json\/wp\/v2\/pages"}],"about":[{"href":"https:\/\/truckpartscm.com\/en\/wp-json\/wp\/v2\/types\/page"}],"author":[{"embeddable":true,"href":"https:\/\/truckpartscm.com\/en\/wp-json\/wp\/v2\/users\/1"}],"replies":[{"embeddable":true,"href":"https:\/\/truckpartscm.com\/en\/wp-json\/wp\/v2\/comments?post=2942"}],"version-history":[{"count":13,"href":"https:\/\/truckpartscm.com\/en\/wp-json\/wp\/v2\/pages\/2942\/revisions"}],"predecessor-version":[{"id":4387,"href":"https:\/\/truckpartscm.com\/en\/wp-json\/wp\/v2\/pages\/2942\/revisions\/4387"}],"wp:attachment":[{"href":"https:\/\/truckpartscm.com\/en\/wp-json\/wp\/v2\/media?parent=2942"}],"curies":[{"name":"wp","href":"https:\/\/api.w.org\/{rel}","templated":true}]}}